{"id":206,"date":"2022-09-06T10:18:36","date_gmt":"2022-09-06T01:18:36","guid":{"rendered":"https:\/\/www.renaissancejapan.org\/magic\/?page_id=206"},"modified":"2022-09-06T10:18:36","modified_gmt":"2022-09-06T01:18:36","slug":"yuki-nakanishi","status":"publish","type":"page","link":"https:\/\/www.renaissancejapan.org\/magic\/yuki-nakanishi\/","title":{"rendered":"Yuki Nakanishi"},"content":{"rendered":"\n<p>Visiting Researcher, Department of General Education, Jichi Medical University<br>Philosophy, Theology and Esoteric Traditions in Islam<br><a href=\"https:\/\/osaka-u.academia.edu\/YukiNakanishi\">osaka-u.academia.edu\/YukiNakanishi<\/a><br><\/p>\n\n\n\n<ul class=\"wp-block-list\"><li>\u201cA History of <em>Hermetica<\/em> and the Image of Hermes in the Arabo-Islamicate World,\u201d <em>Reports of the Keio Institute of Cultural and Linguistic Studies<\/em> 53 (2022), 239-278 [in Japanese].<\/li><li>\u201cBetween God and the World: Late Medieval Akbarian Theology within the Post-Avicennian Traditions of Philosophy,\u201d Ph.D. diss. (University of T\u00fcbingen, 2019).<\/li><li>\u201cPost-Avicennian Controversy over the Problem of Universals: Sa\u02bfdadd\u012bn at-Taft\u0101z\u0101n\u012b (d. 1389\/90) and \u0160amsadd\u012bn al-Fan\u0101r\u012b (d. 1431) on the Reality of Existence,\u201d in <em>Islamic Philosophy from the Twelfth to the Fourteenth Century<\/em>, ed. S. Conermann and A. Al Ghouz (Bonn: Bonn University Press, 2018), 357-374.<\/li><\/ul>\n\n\n\n<p><strong>\u4e2d\u897f\u60a0\u559c<\/strong><\/p>\n\n\n\n<p>\u30a4\u30b9\u30e9\u30e0\u5b66\u3002\u81ea\u6cbb\u533b\u79d1\u5927\u5b66\u5ba2\u54e1\u7814\u7a76\u54e1\u3002\u30a8\u30c3\u30bb\u30a4\u66f8\u8a55\u306b\u300c\u30a2\u30e9\u30d3\u30a2\u30fb\u30a4\u30b9\u30e9\u30e0\u6587\u5316\u570f\u306b\u304a\u3051\u308b\u30d8\u30eb\u30e1\u30b9\u95a2\u9023\u6587\u66f8\u3068\u30d8\u30eb\u30e1\u30b9\u89b3\u306e\u6b74\u53f2\u300d\u300e\u6176\u61c9\u7fa9\u587e\u5927\u5b66\u8a00\u8a9e\u6587\u5316\u7814\u7a76\u6240\u7d00\u8981\u300f\u7b2c53\u5dfb (2022\u5e74)\u3001 239-278\u9801\u3001\u535a\u58eb\u8ad6\u6587\u306b\u300e\u795e\u3068\u4e16\u754c\u306e\u306f\u3056\u307e\u3067\uff1a\u4e2d\u4e16\u672b\u671f\u306e\u30a4\u30d6\u30f3\u30fb\u30a2\u30e9\u30d3\u30fc\u6d3e\u795e\u5b66\u3068\u30a2\u30f4\u30a3\u30bb\u30f3\u30ca\u4ee5\u5f8c\u306e\u54f2\u5b66\u4f1d\u7d71\u300f\uff08\u30c6\u30e5\u30fc\u30d3\u30f3\u30b2\u30f3\u5927\u5b66\u30012019\u5e74\uff09\u306a\u3069\u3002<\/p>\n","protected":false},"excerpt":{"rendered":"<p>Visiting Researcher, Department of General Education, Jichi Medical UniversityPhilosophy, Theology and Esoteric Traditions in Islamosaka-u.academia.edu\/YukiNakanishi \u201cA History of Hermetica and the Image of Hermes in the Arabo-Islamicate World,\u201d Reports of the Keio Institute of Cultural and Linguistic Studies 53 (2022), 239-278 [in Japanese]. \u201cBetween God and the World: Late Medieval Akbarian Theology within the Post-Avicennian &hellip; <\/p>\n<p class=\"link-more\"><a href=\"https:\/\/www.renaissancejapan.org\/magic\/yuki-nakanishi\/\" class=\"more-link\">Read more<span class=\"screen-reader-text\"> &#8220;Yuki Nakanishi&#8221;<\/span><\/a><\/p>\n","protected":false},"author":1,"featured_media":0,"parent":0,"menu_order":0,"comment_status":"closed","ping_status":"closed","template":"","meta":{"_monsterinsights_skip_tracking":false,"_monsterinsights_sitenote_active":false,"_monsterinsights_sitenote_note":"","_monsterinsights_sitenote_category":0,"footnotes":""},"class_list":["post-206","page","type-page","status-publish","hentry"],"featured_media_urls":[],"_links":{"self":[{"href":"https:\/\/www.renaissancejapan.org\/magic\/wp-json\/wp\/v2\/pages\/206","targetHints":{"allow":["GET"]}}],"collection":[{"href":"https:\/\/www.renaissancejapan.org\/magic\/wp-json\/wp\/v2\/pages"}],"about":[{"href":"https:\/\/www.renaissancejapan.org\/magic\/wp-json\/wp\/v2\/types\/page"}],"author":[{"embeddable":true,"href":"https:\/\/www.renaissancejapan.org\/magic\/wp-json\/wp\/v2\/users\/1"}],"replies":[{"embeddable":true,"href":"https:\/\/www.renaissancejapan.org\/magic\/wp-json\/wp\/v2\/comments?post=206"}],"version-history":[{"count":1,"href":"https:\/\/www.renaissancejapan.org\/magic\/wp-json\/wp\/v2\/pages\/206\/revisions"}],"predecessor-version":[{"id":207,"href":"https:\/\/www.renaissancejapan.org\/magic\/wp-json\/wp\/v2\/pages\/206\/revisions\/207"}],"wp:attachment":[{"href":"https:\/\/www.renaissancejapan.org\/magic\/wp-json\/wp\/v2\/media?parent=206"}],"curies":[{"name":"wp","href":"https:\/\/api.w.org\/{rel}","templated":true}]}}