{"id":24,"date":"2022-07-29T20:59:12","date_gmt":"2022-07-29T11:59:12","guid":{"rendered":"https:\/\/www.renaissancejapan.org\/magic\/?page_id=24"},"modified":"2022-09-20T12:29:11","modified_gmt":"2022-09-20T03:29:11","slug":"beautiful-portfolios-for-exceptional-creatives","status":"publish","type":"page","link":"https:\/\/www.renaissancejapan.org\/magic\/","title":{"rendered":"KAKEN Grant B 22H00610"},"content":{"rendered":"\n<p>Financed by the Japanese Society for the Promotion of Science (JSPS) and the Ministry of Education of the Japanese government, this three-year research project will address the interactions of various traditions of magic, astrology and alchemy between the Islamicate world and the Latin West during the medieval and early modern periods. It will explore the texts attributed to J\u0101bir and Ikhw\u0101n al-Saf\u0101\u2019, their Latin reception\/non-reception and the genesis of elusive texts such as <em>Picatrix <\/em>and <em>Liber vaccae<\/em> along with their eventual impact on Ficino, Agrippa, Paracelsus or Ps.-Paracelsus and their \u201creintroduction\u201d to the Islamicate world.<\/p>\n\n\n\n<p>This project also aims to build a network of scholars with diverse backgrounds by promoting their collaboration through workshops and publications. To that end, an international conference to commemorate the works of Keiji Yamamoto, world-renowned historian of Arabic astrology, is planned to be held in Kyoto in the fall of 2024.<\/p>\n\n\n\n<div class=\"wp-block-group\"><div class=\"wp-block-group__inner-container is-layout-flow wp-block-group-is-layout-flow\">\n<div style=\"height:100px\" aria-hidden=\"true\" class=\"wp-block-spacer\"><\/div>\n<\/div><\/div>\n\n\n\n<div class=\"wp-block-group\"><div class=\"wp-block-group__inner-container is-layout-flow wp-block-group-is-layout-flow\"><\/div><\/div>\n\n\n\n<div class=\"wp-block-group alignfull has-background\" style=\"background-color:#e0d3ad85\"><div class=\"wp-block-group__inner-container is-layout-flow wp-block-group-is-layout-flow\">\n<div class=\"wp-block-group alignfull\"><div class=\"wp-block-group__inner-container is-layout-flow wp-block-group-is-layout-flow\">\n<h2 class=\"alignwide wp-block-heading\">Events<\/h2>\n\n\n\n<figure class=\"wp-block-embed alignfull is-type-video is-provider-youtube wp-block-embed-youtube wp-embed-aspect-16-9 wp-has-aspect-ratio\"><div class=\"wp-block-embed__wrapper\">\n<iframe title=\"\u3010\u9b54\u8853\u7814\u3011Liana Saif &quot;The Diversity of Islamicate Magical Traditions&quot;  (Tokyo, 2022)\" width=\"950\" height=\"534\" src=\"https:\/\/www.youtube.com\/embed\/q4Yag6jTE4g?feature=oembed\" frameborder=\"0\" allow=\"accelerometer; autoplay; clipboard-write; encrypted-media; gyroscope; picture-in-picture\" allowfullscreen title=\"\u3010\u9b54\u8853\u7814\u3011Liana Saif \"The Diversity of Islamicate Magical Traditions\"  (Tokyo, 2022)\"><\/iframe>\n<\/div><\/figure>\n\n\n\n<div style=\"height:100px\" aria-hidden=\"true\" class=\"wp-block-spacer\"><\/div>\n\n\n\n<div class=\"wp-block-buttons is-content-justification-center is-layout-flex wp-container-core-buttons-is-layout-16018d1d wp-block-buttons-is-layout-flex\">\n<div class=\"wp-block-button\"><a class=\"wp-block-button__link\" href=\"\/magic\/events\">More Events<\/a><\/div>\n<\/div>\n\n\n\n<div style=\"height:100px\" aria-hidden=\"true\" class=\"wp-block-spacer\"><\/div>\n<\/div><\/div>\n<\/div><\/div>\n\n\n\n<div style=\"height:100px\" aria-hidden=\"true\" class=\"wp-block-spacer\"><\/div>\n\n\n\n<div class=\"wp-block-media-text alignwide has-media-on-the-right is-stacked-on-mobile\"><figure class=\"wp-block-media-text__media\"><img fetchpriority=\"high\" decoding=\"async\" width=\"802\" height=\"976\" src=\"https:\/\/www.renaissancejapan.org\/magic\/wp-content\/uploads\/2022\/07\/dragon_crop.jpg\" alt=\"dragon and man\" class=\"wp-image-152 size-full\" srcset=\"https:\/\/www.renaissancejapan.org\/magic\/wp-content\/uploads\/2022\/07\/dragon_crop.jpg 802w, https:\/\/www.renaissancejapan.org\/magic\/wp-content\/uploads\/2022\/07\/dragon_crop-247x300.jpg 247w, https:\/\/www.renaissancejapan.org\/magic\/wp-content\/uploads\/2022\/07\/dragon_crop-768x935.jpg 768w, https:\/\/www.renaissancejapan.org\/magic\/wp-content\/uploads\/2022\/07\/dragon_crop-600x730.jpg 600w\" sizes=\"(max-width: 802px) 100vw, 802px\" \/><\/figure><div class=\"wp-block-media-text__content\">\n<h2 class=\"wp-block-heading\">Who We Are<\/h2>\n\n\n\n<p>Meet our core team members and growing network of collaborators.<\/p>\n\n\n\n<div style=\"height:41px\" aria-hidden=\"true\" class=\"wp-block-spacer\"><\/div>\n\n\n\n<div class=\"wp-block-buttons is-layout-flex wp-block-buttons-is-layout-flex\">\n<div class=\"wp-block-button\"><a class=\"wp-block-button__link\" href=\"\/magic\/people\">People<\/a><\/div>\n<\/div>\n<\/div><\/div>\n\n\n\n<div style=\"height:100px\" aria-hidden=\"true\" class=\"wp-block-spacer\"><\/div>\n\n\n\n<div class=\"wp-block-group\"><div class=\"wp-block-group__inner-container is-layout-flow wp-block-group-is-layout-flow\">\n<div class=\"wp-block-group alignfull has-background\" style=\"background-color:#e0d3ad85\"><div class=\"wp-block-group__inner-container is-layout-flow wp-block-group-is-layout-flow\">\n<div class=\"wp-block-media-text alignwide is-stacked-on-mobile\"><figure class=\"wp-block-media-text__media\"><img decoding=\"async\" src=\"https:\/\/www.renaissancejapan.org\/magic\/wp-content\/uploads\/2022\/08\/snake.jpeg\" alt=\"\" class=\"wp-image-176 size-full\"\/><\/figure><div class=\"wp-block-media-text__content\">\n<h2 class=\"wp-block-heading\">Get in Touch<\/h2>\n\n\n\n<p>Send us an email.<\/p>\n\n\n\n<div style=\"height:42px\" aria-hidden=\"true\" class=\"wp-block-spacer\"><\/div>\n\n\n\n<div class=\"wp-block-buttons is-layout-flex wp-block-buttons-is-layout-flex\">\n<div class=\"wp-block-button\"><a class=\"wp-block-button__link\" href=\"\/magic\/contact\">Contact Us<\/a><\/div>\n<\/div>\n<\/div><\/div>\n<\/div><\/div>\n<\/div><\/div>\n","protected":false},"excerpt":{"rendered":"<p>Financed by the Japanese Society for the Promotion of Science (JSPS) and the Ministry of Education of the Japanese government, this three-year research project will address the interactions of various traditions of magic, astrology and alchemy between the Islamicate world and the Latin West during the medieval and early modern periods. It will explore the &hellip; <\/p>\n<p class=\"link-more\"><a href=\"https:\/\/www.renaissancejapan.org\/magic\/\" class=\"more-link\">Read more<span class=\"screen-reader-text\"> &#8220;KAKEN Grant B 22H00610&#8221;<\/span><\/a><\/p>\n","protected":false},"author":1,"featured_media":0,"parent":0,"menu_order":0,"comment_status":"closed","ping_status":"closed","template":"","meta":{"_monsterinsights_skip_tracking":false,"_monsterinsights_sitenote_active":false,"_monsterinsights_sitenote_note":"","_monsterinsights_sitenote_category":0,"footnotes":""},"class_list":["post-24","page","type-page","status-publish","hentry"],"featured_media_urls":[],"_links":{"self":[{"href":"https:\/\/www.renaissancejapan.org\/magic\/wp-json\/wp\/v2\/pages\/24","targetHints":{"allow":["GET"]}}],"collection":[{"href":"https:\/\/www.renaissancejapan.org\/magic\/wp-json\/wp\/v2\/pages"}],"about":[{"href":"https:\/\/www.renaissancejapan.org\/magic\/wp-json\/wp\/v2\/types\/page"}],"author":[{"embeddable":true,"href":"https:\/\/www.renaissancejapan.org\/magic\/wp-json\/wp\/v2\/users\/1"}],"replies":[{"embeddable":true,"href":"https:\/\/www.renaissancejapan.org\/magic\/wp-json\/wp\/v2\/comments?post=24"}],"version-history":[{"count":10,"href":"https:\/\/www.renaissancejapan.org\/magic\/wp-json\/wp\/v2\/pages\/24\/revisions"}],"predecessor-version":[{"id":223,"href":"https:\/\/www.renaissancejapan.org\/magic\/wp-json\/wp\/v2\/pages\/24\/revisions\/223"}],"wp:attachment":[{"href":"https:\/\/www.renaissancejapan.org\/magic\/wp-json\/wp\/v2\/media?parent=24"}],"curies":[{"name":"wp","href":"https:\/\/api.w.org\/{rel}","templated":true}]}}